{"id":309,"date":"2025-09-29T09:56:59","date_gmt":"2025-09-29T09:56:59","guid":{"rendered":"https:\/\/service.nicfoto.ro\/?page_id=309"},"modified":"2025-10-22T07:23:46","modified_gmt":"2025-10-22T07:23:46","slug":"tarife","status":"publish","type":"page","link":"https:\/\/service.nicfoto.ro\/index.php\/tarife\/","title":{"rendered":"Tarife"},"content":{"rendered":"\t\t<div data-elementor-type=\"wp-page\" data-elementor-id=\"309\" class=\"elementor elementor-309\">\n\t\t\t\t<div class=\"aux-parallax-section elementor-element elementor-element-07b481e e-con-full e-flex e-con e-parent\" data-id=\"07b481e\" data-element_type=\"container\">\n\t\t\t\t<\/div>\n\t\t<div class=\"aux-parallax-section elementor-element elementor-element-50486c1 e-flex e-con-boxed e-con e-parent\" data-id=\"50486c1\" data-element_type=\"container\">\n\t\t\t\t\t<div class=\"e-con-inner\">\n\t\t<div class=\"elementor-element elementor-element-cedd591 e-con-full e-flex e-con e-child\" data-id=\"cedd591\" data-element_type=\"container\">\n\t\t\t\t<div class=\"elementor-element elementor-element-eff2763 aux-appear-watch-animation aux-fade-in-up-1 elementor-widget elementor-widget-aux_modern_heading\" data-id=\"eff2763\" data-element_type=\"widget\" data-widget_type=\"aux_modern_heading.default\">\n\t\t\t\t<div class=\"elementor-widget-container\">\n\t\t\t\t\t<section class=\"aux-widget-modern-heading\">\n            <div class=\"aux-widget-inner\"><h2 class=\"aux-modern-heading-primary\"><\/h2><div class=\"aux-modern-heading-description\"><h4 class=\"wp-block-heading\">PRE\u021aURI TRACT\u0102RI<\/h4><p>Tract\u0103ri auto \u00een Constan\u021ba \u00eencep\u00e2nd de la 150 lei. Pentru interven\u021bii \u00een afara ora\u0219ului, suna\u021bi-ne \u0219i v\u0103 vom oferi cea mai bun\u0103 solu\u021bie, rapid \u0219i avantajos.<\/p><h4 class=\"wp-block-heading\">DETALII: 0768 159 281<br \/>APELA\u021aI-NE F\u0102R\u0102 EZITARE<\/h4><\/div><\/div>\n        <\/section>\t\t\t\t<\/div>\n\t\t\t\t<\/div>\n\t\t\t\t<div class=\"elementor-element elementor-element-c04858a gallery-spacing-custom elementor-widget-mobile__width-inherit elementor-widget elementor-widget-image-gallery\" data-id=\"c04858a\" data-element_type=\"widget\" data-widget_type=\"image-gallery.default\">\n\t\t\t\t<div class=\"elementor-widget-container\">\n\t\t\t\t\t\t\t<div class=\"elementor-image-gallery\">\n\t\t\t<div id='gallery-1' class='gallery galleryid-309 gallery-columns-4 gallery-size-medium'><figure class='gallery-item'>\n\t\t\t<div class='gallery-icon portrait'>\n\t\t\t\t<img fetchpriority=\"high\" decoding=\"async\" width=\"300\" height=\"300\" src=\"https:\/\/service.nicfoto.ro\/wp-content\/uploads\/2025\/09\/WhatsApp-Image-2025-09-26-at-15.47.06-3-300x300.jpeg\" class=\"attachment-medium size-medium\" alt=\"\" srcset=\"https:\/\/service.nicfoto.ro\/wp-content\/uploads\/2025\/09\/WhatsApp-Image-2025-09-26-at-15.47.06-3-300x300.jpeg 300w, https:\/\/service.nicfoto.ro\/wp-content\/uploads\/2025\/09\/WhatsApp-Image-2025-09-26-at-15.47.06-3-1024x1024.jpeg 1024w, https:\/\/service.nicfoto.ro\/wp-content\/uploads\/2025\/09\/WhatsApp-Image-2025-09-26-at-15.47.06-3-150x150.jpeg 150w, https:\/\/service.nicfoto.ro\/wp-content\/uploads\/2025\/09\/WhatsApp-Image-2025-09-26-at-15.47.06-3-768x768.jpeg 768w\" sizes=\"(max-width: 300px) 100vw, 300px\" \/>\n\t\t\t<\/div><\/figure><figure class='gallery-item'>\n\t\t\t<div class='gallery-icon landscape'>\n\t\t\t\t<img decoding=\"async\" width=\"300\" height=\"300\" src=\"https:\/\/service.nicfoto.ro\/wp-content\/uploads\/2025\/09\/WhatsApp-Image-2025-09-26-at-15.47.07-Copy-300x300.jpg\" class=\"attachment-medium size-medium\" alt=\"\" srcset=\"https:\/\/service.nicfoto.ro\/wp-content\/uploads\/2025\/09\/WhatsApp-Image-2025-09-26-at-15.47.07-Copy-300x300.jpg 300w, https:\/\/service.nicfoto.ro\/wp-content\/uploads\/2025\/09\/WhatsApp-Image-2025-09-26-at-15.47.07-Copy-1024x1024.jpg 1024w, https:\/\/service.nicfoto.ro\/wp-content\/uploads\/2025\/09\/WhatsApp-Image-2025-09-26-at-15.47.07-Copy-150x150.jpg 150w, https:\/\/service.nicfoto.ro\/wp-content\/uploads\/2025\/09\/WhatsApp-Image-2025-09-26-at-15.47.07-Copy-768x768.jpg 768w\" sizes=\"(max-width: 300px) 100vw, 300px\" \/>\n\t\t\t<\/div><\/figure><figure class='gallery-item'>\n\t\t\t<div class='gallery-icon portrait'>\n\t\t\t\t<img decoding=\"async\" width=\"300\" height=\"300\" src=\"https:\/\/service.nicfoto.ro\/wp-content\/uploads\/2025\/09\/WhatsApp-Image-2025-09-26-at-15.47.04-2-300x300.jpeg\" class=\"attachment-medium size-medium\" alt=\"\" srcset=\"https:\/\/service.nicfoto.ro\/wp-content\/uploads\/2025\/09\/WhatsApp-Image-2025-09-26-at-15.47.04-2-300x300.jpeg 300w, https:\/\/service.nicfoto.ro\/wp-content\/uploads\/2025\/09\/WhatsApp-Image-2025-09-26-at-15.47.04-2-1024x1024.jpeg 1024w, https:\/\/service.nicfoto.ro\/wp-content\/uploads\/2025\/09\/WhatsApp-Image-2025-09-26-at-15.47.04-2-150x150.jpeg 150w, https:\/\/service.nicfoto.ro\/wp-content\/uploads\/2025\/09\/WhatsApp-Image-2025-09-26-at-15.47.04-2-768x768.jpeg 768w\" sizes=\"(max-width: 300px) 100vw, 300px\" \/>\n\t\t\t<\/div><\/figure><figure class='gallery-item'>\n\t\t\t<div class='gallery-icon portrait'>\n\t\t\t\t<img loading=\"lazy\" decoding=\"async\" width=\"300\" height=\"300\" src=\"https:\/\/service.nicfoto.ro\/wp-content\/uploads\/2025\/10\/WhatsApp-Image-2025-09-26-at-15.47.00-2-300x300.jpeg\" class=\"attachment-medium size-medium\" alt=\"\" srcset=\"https:\/\/service.nicfoto.ro\/wp-content\/uploads\/2025\/10\/WhatsApp-Image-2025-09-26-at-15.47.00-2-300x300.jpeg 300w, https:\/\/service.nicfoto.ro\/wp-content\/uploads\/2025\/10\/WhatsApp-Image-2025-09-26-at-15.47.00-2-1024x1024.jpeg 1024w, https:\/\/service.nicfoto.ro\/wp-content\/uploads\/2025\/10\/WhatsApp-Image-2025-09-26-at-15.47.00-2-150x150.jpeg 150w, https:\/\/service.nicfoto.ro\/wp-content\/uploads\/2025\/10\/WhatsApp-Image-2025-09-26-at-15.47.00-2-768x768.jpeg 768w\" sizes=\"(max-width: 300px) 100vw, 300px\" \/>\n\t\t\t<\/div><\/figure>\n\t\t<\/div>\n\t\t<\/div>\n\t\t\t\t\t\t<\/div>\n\t\t\t\t<\/div>\n\t\t\t\t<\/div>\n\t\t\t\t\t<\/div>\n\t\t\t\t<\/div>\n\t\t\t\t<\/div>\n\t\t","protected":false},"excerpt":{"rendered":"<p>PRE\u021aURI TRACT\u0102RI Tract\u0103ri auto \u00een Constan\u021ba \u00eencep\u00e2nd de la 150 lei. Pentru interven\u021bii \u00een afara ora\u0219ului, suna\u021bi-ne \u0219i v\u0103 vom oferi cea mai bun\u0103 solu\u021bie, rapid \u0219i avantajos. DETALII: 0768 159 281APELA\u021aI-NE F\u0102R\u0102 EZITARE<\/p>\n","protected":false},"author":1,"featured_media":0,"parent":0,"menu_order":0,"comment_status":"closed","ping_status":"closed","template":"templates\/page-builder-content.php","meta":{"footnotes":""},"class_list":["post-309","page","type-page","status-publish","hentry"],"yoast_head":"<!-- This site is optimized with the Yoast SEO plugin v26.0 - https:\/\/yoast.com\/wordpress\/plugins\/seo\/ -->\n<title>Tarife - CCG Tractari<\/title>\n<meta name=\"robots\" content=\"index, follow, max-snippet:-1, max-image-preview:large, max-video-preview:-1\" \/>\n<link rel=\"canonical\" href=\"https:\/\/service.nicfoto.ro\/index.php\/tarife\/\" \/>\n<meta property=\"og:locale\" content=\"ro_RO\" \/>\n<meta property=\"og:type\" content=\"article\" \/>\n<meta property=\"og:title\" content=\"Tarife - CCG Tractari\" \/>\n<meta property=\"og:description\" content=\"PRE\u021aURI TRACT\u0102RI Tract\u0103ri auto \u00een Constan\u021ba \u00eencep\u00e2nd de la 150 lei. Pentru interven\u021bii \u00een afara ora\u0219ului, suna\u021bi-ne \u0219i v\u0103 vom oferi cea mai bun\u0103 solu\u021bie, rapid \u0219i avantajos. DETALII: 0768 159 281APELA\u021aI-NE F\u0102R\u0102 EZITARE\" \/>\n<meta property=\"og:url\" content=\"https:\/\/service.nicfoto.ro\/index.php\/tarife\/\" \/>\n<meta property=\"og:site_name\" content=\"CCG Tractari\" \/>\n<meta property=\"article:modified_time\" content=\"2025-10-22T07:23:46+00:00\" \/>\n<meta property=\"og:image\" content=\"https:\/\/service.nicfoto.ro\/wp-content\/uploads\/2025\/09\/WhatsApp-Image-2025-09-26-at-15.47.06-3-300x300.jpeg\" \/>\n<meta name=\"twitter:card\" content=\"summary_large_image\" \/>\n<meta name=\"twitter:label1\" content=\"Timp estimat pentru citire\" \/>\n\t<meta name=\"twitter:data1\" content=\"1 minut\" \/>\n<script type=\"application\/ld+json\" class=\"yoast-schema-graph\">{\"@context\":\"https:\/\/schema.org\",\"@graph\":[{\"@type\":\"WebPage\",\"@id\":\"https:\/\/service.nicfoto.ro\/index.php\/tarife\/\",\"url\":\"https:\/\/service.nicfoto.ro\/index.php\/tarife\/\",\"name\":\"Tarife - CCG Tractari\",\"isPartOf\":{\"@id\":\"https:\/\/service.nicfoto.ro\/#website\"},\"primaryImageOfPage\":{\"@id\":\"https:\/\/service.nicfoto.ro\/index.php\/tarife\/#primaryimage\"},\"image\":{\"@id\":\"https:\/\/service.nicfoto.ro\/index.php\/tarife\/#primaryimage\"},\"thumbnailUrl\":\"https:\/\/service.nicfoto.ro\/wp-content\/uploads\/2025\/09\/WhatsApp-Image-2025-09-26-at-15.47.06-3-300x300.jpeg\",\"datePublished\":\"2025-09-29T09:56:59+00:00\",\"dateModified\":\"2025-10-22T07:23:46+00:00\",\"breadcrumb\":{\"@id\":\"https:\/\/service.nicfoto.ro\/index.php\/tarife\/#breadcrumb\"},\"inLanguage\":\"ro-RO\",\"potentialAction\":[{\"@type\":\"ReadAction\",\"target\":[\"https:\/\/service.nicfoto.ro\/index.php\/tarife\/\"]}]},{\"@type\":\"ImageObject\",\"inLanguage\":\"ro-RO\",\"@id\":\"https:\/\/service.nicfoto.ro\/index.php\/tarife\/#primaryimage\",\"url\":\"https:\/\/service.nicfoto.ro\/wp-content\/uploads\/2025\/09\/WhatsApp-Image-2025-09-26-at-15.47.06-3.jpeg\",\"contentUrl\":\"https:\/\/service.nicfoto.ro\/wp-content\/uploads\/2025\/09\/WhatsApp-Image-2025-09-26-at-15.47.06-3.jpeg\",\"width\":1500,\"height\":2000},{\"@type\":\"BreadcrumbList\",\"@id\":\"https:\/\/service.nicfoto.ro\/index.php\/tarife\/#breadcrumb\",\"itemListElement\":[{\"@type\":\"ListItem\",\"position\":1,\"name\":\"Prima pagin\u0103\",\"item\":\"https:\/\/service.nicfoto.ro\/\"},{\"@type\":\"ListItem\",\"position\":2,\"name\":\"Tarife\"}]},{\"@type\":\"WebSite\",\"@id\":\"https:\/\/service.nicfoto.ro\/#website\",\"url\":\"https:\/\/service.nicfoto.ro\/\",\"name\":\"CCG Tractari\",\"description\":\"\",\"publisher\":{\"@id\":\"https:\/\/service.nicfoto.ro\/#organization\"},\"potentialAction\":[{\"@type\":\"SearchAction\",\"target\":{\"@type\":\"EntryPoint\",\"urlTemplate\":\"https:\/\/service.nicfoto.ro\/?s={search_term_string}\"},\"query-input\":{\"@type\":\"PropertyValueSpecification\",\"valueRequired\":true,\"valueName\":\"search_term_string\"}}],\"inLanguage\":\"ro-RO\"},{\"@type\":\"Organization\",\"@id\":\"https:\/\/service.nicfoto.ro\/#organization\",\"name\":\"CCG Tractari\",\"url\":\"https:\/\/service.nicfoto.ro\/\",\"logo\":{\"@type\":\"ImageObject\",\"inLanguage\":\"ro-RO\",\"@id\":\"https:\/\/service.nicfoto.ro\/#\/schema\/logo\/image\/\",\"url\":\"https:\/\/service.nicfoto.ro\/wp-content\/uploads\/2019\/12\/cropped-Green-and-White-Towing-Truck-Vehicle-Service-Logo-6.png\",\"contentUrl\":\"https:\/\/service.nicfoto.ro\/wp-content\/uploads\/2019\/12\/cropped-Green-and-White-Towing-Truck-Vehicle-Service-Logo-6.png\",\"width\":436,\"height\":150,\"caption\":\"CCG Tractari\"},\"image\":{\"@id\":\"https:\/\/service.nicfoto.ro\/#\/schema\/logo\/image\/\"}}]}<\/script>\n<!-- \/ Yoast SEO plugin. -->","yoast_head_json":{"title":"Tarife - CCG Tractari","robots":{"index":"index","follow":"follow","max-snippet":"max-snippet:-1","max-image-preview":"max-image-preview:large","max-video-preview":"max-video-preview:-1"},"canonical":"https:\/\/service.nicfoto.ro\/index.php\/tarife\/","og_locale":"ro_RO","og_type":"article","og_title":"Tarife - CCG Tractari","og_description":"PRE\u021aURI TRACT\u0102RI Tract\u0103ri auto \u00een Constan\u021ba \u00eencep\u00e2nd de la 150 lei. Pentru interven\u021bii \u00een afara ora\u0219ului, suna\u021bi-ne \u0219i v\u0103 vom oferi cea mai bun\u0103 solu\u021bie, rapid \u0219i avantajos. DETALII: 0768 159 281APELA\u021aI-NE F\u0102R\u0102 EZITARE","og_url":"https:\/\/service.nicfoto.ro\/index.php\/tarife\/","og_site_name":"CCG Tractari","article_modified_time":"2025-10-22T07:23:46+00:00","og_image":[{"url":"https:\/\/service.nicfoto.ro\/wp-content\/uploads\/2025\/09\/WhatsApp-Image-2025-09-26-at-15.47.06-3-300x300.jpeg","type":"","width":"","height":""}],"twitter_card":"summary_large_image","twitter_misc":{"Timp estimat pentru citire":"1 minut"},"schema":{"@context":"https:\/\/schema.org","@graph":[{"@type":"WebPage","@id":"https:\/\/service.nicfoto.ro\/index.php\/tarife\/","url":"https:\/\/service.nicfoto.ro\/index.php\/tarife\/","name":"Tarife - CCG Tractari","isPartOf":{"@id":"https:\/\/service.nicfoto.ro\/#website"},"primaryImageOfPage":{"@id":"https:\/\/service.nicfoto.ro\/index.php\/tarife\/#primaryimage"},"image":{"@id":"https:\/\/service.nicfoto.ro\/index.php\/tarife\/#primaryimage"},"thumbnailUrl":"https:\/\/service.nicfoto.ro\/wp-content\/uploads\/2025\/09\/WhatsApp-Image-2025-09-26-at-15.47.06-3-300x300.jpeg","datePublished":"2025-09-29T09:56:59+00:00","dateModified":"2025-10-22T07:23:46+00:00","breadcrumb":{"@id":"https:\/\/service.nicfoto.ro\/index.php\/tarife\/#breadcrumb"},"inLanguage":"ro-RO","potentialAction":[{"@type":"ReadAction","target":["https:\/\/service.nicfoto.ro\/index.php\/tarife\/"]}]},{"@type":"ImageObject","inLanguage":"ro-RO","@id":"https:\/\/service.nicfoto.ro\/index.php\/tarife\/#primaryimage","url":"https:\/\/service.nicfoto.ro\/wp-content\/uploads\/2025\/09\/WhatsApp-Image-2025-09-26-at-15.47.06-3.jpeg","contentUrl":"https:\/\/service.nicfoto.ro\/wp-content\/uploads\/2025\/09\/WhatsApp-Image-2025-09-26-at-15.47.06-3.jpeg","width":1500,"height":2000},{"@type":"BreadcrumbList","@id":"https:\/\/service.nicfoto.ro\/index.php\/tarife\/#breadcrumb","itemListElement":[{"@type":"ListItem","position":1,"name":"Prima pagin\u0103","item":"https:\/\/service.nicfoto.ro\/"},{"@type":"ListItem","position":2,"name":"Tarife"}]},{"@type":"WebSite","@id":"https:\/\/service.nicfoto.ro\/#website","url":"https:\/\/service.nicfoto.ro\/","name":"CCG Tractari","description":"","publisher":{"@id":"https:\/\/service.nicfoto.ro\/#organization"},"potentialAction":[{"@type":"SearchAction","target":{"@type":"EntryPoint","urlTemplate":"https:\/\/service.nicfoto.ro\/?s={search_term_string}"},"query-input":{"@type":"PropertyValueSpecification","valueRequired":true,"valueName":"search_term_string"}}],"inLanguage":"ro-RO"},{"@type":"Organization","@id":"https:\/\/service.nicfoto.ro\/#organization","name":"CCG Tractari","url":"https:\/\/service.nicfoto.ro\/","logo":{"@type":"ImageObject","inLanguage":"ro-RO","@id":"https:\/\/service.nicfoto.ro\/#\/schema\/logo\/image\/","url":"https:\/\/service.nicfoto.ro\/wp-content\/uploads\/2019\/12\/cropped-Green-and-White-Towing-Truck-Vehicle-Service-Logo-6.png","contentUrl":"https:\/\/service.nicfoto.ro\/wp-content\/uploads\/2019\/12\/cropped-Green-and-White-Towing-Truck-Vehicle-Service-Logo-6.png","width":436,"height":150,"caption":"CCG Tractari"},"image":{"@id":"https:\/\/service.nicfoto.ro\/#\/schema\/logo\/image\/"}}]}},"_links":{"self":[{"href":"https:\/\/service.nicfoto.ro\/index.php\/wp-json\/wp\/v2\/pages\/309","targetHints":{"allow":["GET"]}}],"collection":[{"href":"https:\/\/service.nicfoto.ro\/index.php\/wp-json\/wp\/v2\/pages"}],"about":[{"href":"https:\/\/service.nicfoto.ro\/index.php\/wp-json\/wp\/v2\/types\/page"}],"author":[{"embeddable":true,"href":"https:\/\/service.nicfoto.ro\/index.php\/wp-json\/wp\/v2\/users\/1"}],"replies":[{"embeddable":true,"href":"https:\/\/service.nicfoto.ro\/index.php\/wp-json\/wp\/v2\/comments?post=309"}],"version-history":[{"count":56,"href":"https:\/\/service.nicfoto.ro\/index.php\/wp-json\/wp\/v2\/pages\/309\/revisions"}],"predecessor-version":[{"id":559,"href":"https:\/\/service.nicfoto.ro\/index.php\/wp-json\/wp\/v2\/pages\/309\/revisions\/559"}],"wp:attachment":[{"href":"https:\/\/service.nicfoto.ro\/index.php\/wp-json\/wp\/v2\/media?parent=309"}],"curies":[{"name":"wp","href":"https:\/\/api.w.org\/{rel}","templated":true}]}}