{"id":212,"date":"2019-12-26T07:15:56","date_gmt":"2019-12-26T07:15:56","guid":{"rendered":"https:\/\/service.nicfoto.ro\/index.php\/contact\/"},"modified":"2025-10-16T16:43:01","modified_gmt":"2025-10-16T16:43:01","slug":"contact","status":"publish","type":"page","link":"https:\/\/service.nicfoto.ro\/index.php\/contact\/","title":{"rendered":"Contact"},"content":{"rendered":"\t\t<div data-elementor-type=\"wp-page\" data-elementor-id=\"212\" class=\"elementor elementor-212\">\n\t\t\t\t<div class=\"aux-parallax-section elementor-element elementor-element-ab9b917 e-flex e-con-boxed e-con e-parent\" data-id=\"ab9b917\" data-element_type=\"container\">\n\t\t\t\t\t<div class=\"e-con-inner\">\n\t\t\t\t<div class=\"elementor-element elementor-element-eff2763 aux-appear-watch-animation aux-fade-in-up-1 elementor-widget elementor-widget-aux_modern_heading\" data-id=\"eff2763\" data-element_type=\"widget\" data-widget_type=\"aux_modern_heading.default\">\n\t\t\t\t<div class=\"elementor-widget-container\">\n\t\t\t\t\t<section class=\"aux-widget-modern-heading\">\n            <div class=\"aux-widget-inner\"><h2 class=\"aux-modern-heading-primary\"><\/h2><div class=\"aux-modern-heading-description\"><h4 class=\"wp-block-heading\">ASISTENTA RUTIERA 24\/24<\/h4><p>Ai nevoie de ajutor pe drum? Sun\u0103 oric\u00e2nd la <strong>0768 159 281<\/strong>, serviciul nostru de asisten\u021b\u0103 rutier\u0103 fiind disponibil 24\/7, \u00een Constan\u021ba \u0219i \u00een toat\u0103 Rom\u00e2nia.<\/p><h4 class=\"wp-block-heading\">Apela\u021bi-ne f\u0103r\u0103 ezitare!<\/h4><p>Dac\u0103 ai fost implicat \u00eentr-un accident sau ma\u0219ina ta s-a defectat \u0219i nu mai poate continua deplasarea, este important s\u0103 o sco\u021bi de pe carosabil. Dac\u0103 nu po\u021bi ajunge \u00een siguran\u021b\u0103 pe marginea drumului, utilizeaz\u0103 triunghiul reflectorizant pentru a semnaliza avaria. Dup\u0103 ce te asiguri c\u0103 e\u0219ti \u00een siguran\u021b\u0103, sun\u0103-ne f\u0103r\u0103 ezitare.<\/p><h4 class=\"wp-block-heading\">Interven\u021bie rapid\u0103 \u00een Constan\u021ba \u0219i \u00een toat\u0103 \u021bara!<\/h4><p>Echipa noastr\u0103 ajunge \u00een cel mai scurt timp la loca\u021bia indicat\u0103, preg\u0103tit\u0103 s\u0103 transporte autoturismul t\u0103u fie \u00eentr-un service de \u00eencredere, fie la destina\u021bia aleas\u0103 de tine. Indiferent de situa\u021bie, suntem aici s\u0103-\u021bi oferim sprijin rapid, sigur \u0219i profesionist.<\/p><\/div><\/div>\n        <\/section>\t\t\t\t<\/div>\n\t\t\t\t<\/div>\n\t\t\t\t\t<\/div>\n\t\t\t\t<\/div>\n\t\t\t\t<\/div>\n\t\t","protected":false},"excerpt":{"rendered":"<p>ASISTENTA RUTIERA 24\/24 Ai nevoie de ajutor pe drum? Sun\u0103 oric\u00e2nd la 0768 159 281, serviciul nostru de asisten\u021b\u0103 rutier\u0103 fiind disponibil 24\/7, \u00een Constan\u021ba \u0219i \u00een toat\u0103 Rom\u00e2nia. Apela\u021bi-ne f\u0103r\u0103 ezitare! Dac\u0103 ai fost implicat \u00eentr-un accident sau ma\u0219ina ta s-a defectat \u0219i nu mai poate continua deplasarea, este important s\u0103 o sco\u021bi de [&hellip;]<\/p>\n","protected":false},"author":1,"featured_media":0,"parent":0,"menu_order":0,"comment_status":"closed","ping_status":"closed","template":"templates\/page-builder-content.php","meta":{"footnotes":""},"class_list":["post-212","page","type-page","status-publish","hentry"],"yoast_head":"<!-- This site is optimized with the Yoast SEO plugin v26.0 - https:\/\/yoast.com\/wordpress\/plugins\/seo\/ -->\n<title>Contact - CCG Tractari<\/title>\n<meta name=\"robots\" content=\"index, follow, max-snippet:-1, max-image-preview:large, max-video-preview:-1\" \/>\n<link rel=\"canonical\" href=\"https:\/\/service.nicfoto.ro\/index.php\/contact\/\" \/>\n<meta property=\"og:locale\" content=\"ro_RO\" \/>\n<meta property=\"og:type\" content=\"article\" \/>\n<meta property=\"og:title\" content=\"Contact - CCG Tractari\" \/>\n<meta property=\"og:description\" content=\"ASISTENTA RUTIERA 24\/24 Ai nevoie de ajutor pe drum? Sun\u0103 oric\u00e2nd la 0768 159 281, serviciul nostru de asisten\u021b\u0103 rutier\u0103 fiind disponibil 24\/7, \u00een Constan\u021ba \u0219i \u00een toat\u0103 Rom\u00e2nia. Apela\u021bi-ne f\u0103r\u0103 ezitare! Dac\u0103 ai fost implicat \u00eentr-un accident sau ma\u0219ina ta s-a defectat \u0219i nu mai poate continua deplasarea, este important s\u0103 o sco\u021bi de [&hellip;]\" \/>\n<meta property=\"og:url\" content=\"https:\/\/service.nicfoto.ro\/index.php\/contact\/\" \/>\n<meta property=\"og:site_name\" content=\"CCG Tractari\" \/>\n<meta property=\"article:modified_time\" content=\"2025-10-16T16:43:01+00:00\" \/>\n<meta name=\"twitter:card\" content=\"summary_large_image\" \/>\n<meta name=\"twitter:label1\" content=\"Timp estimat pentru citire\" \/>\n\t<meta name=\"twitter:data1\" content=\"1 minut\" \/>\n<script type=\"application\/ld+json\" class=\"yoast-schema-graph\">{\"@context\":\"https:\/\/schema.org\",\"@graph\":[{\"@type\":\"WebPage\",\"@id\":\"https:\/\/service.nicfoto.ro\/index.php\/contact\/\",\"url\":\"https:\/\/service.nicfoto.ro\/index.php\/contact\/\",\"name\":\"Contact - CCG Tractari\",\"isPartOf\":{\"@id\":\"https:\/\/service.nicfoto.ro\/#website\"},\"datePublished\":\"2019-12-26T07:15:56+00:00\",\"dateModified\":\"2025-10-16T16:43:01+00:00\",\"breadcrumb\":{\"@id\":\"https:\/\/service.nicfoto.ro\/index.php\/contact\/#breadcrumb\"},\"inLanguage\":\"ro-RO\",\"potentialAction\":[{\"@type\":\"ReadAction\",\"target\":[\"https:\/\/service.nicfoto.ro\/index.php\/contact\/\"]}]},{\"@type\":\"BreadcrumbList\",\"@id\":\"https:\/\/service.nicfoto.ro\/index.php\/contact\/#breadcrumb\",\"itemListElement\":[{\"@type\":\"ListItem\",\"position\":1,\"name\":\"Prima pagin\u0103\",\"item\":\"https:\/\/service.nicfoto.ro\/\"},{\"@type\":\"ListItem\",\"position\":2,\"name\":\"Contact\"}]},{\"@type\":\"WebSite\",\"@id\":\"https:\/\/service.nicfoto.ro\/#website\",\"url\":\"https:\/\/service.nicfoto.ro\/\",\"name\":\"CCG Tractari\",\"description\":\"\",\"publisher\":{\"@id\":\"https:\/\/service.nicfoto.ro\/#organization\"},\"potentialAction\":[{\"@type\":\"SearchAction\",\"target\":{\"@type\":\"EntryPoint\",\"urlTemplate\":\"https:\/\/service.nicfoto.ro\/?s={search_term_string}\"},\"query-input\":{\"@type\":\"PropertyValueSpecification\",\"valueRequired\":true,\"valueName\":\"search_term_string\"}}],\"inLanguage\":\"ro-RO\"},{\"@type\":\"Organization\",\"@id\":\"https:\/\/service.nicfoto.ro\/#organization\",\"name\":\"CCG Tractari\",\"url\":\"https:\/\/service.nicfoto.ro\/\",\"logo\":{\"@type\":\"ImageObject\",\"inLanguage\":\"ro-RO\",\"@id\":\"https:\/\/service.nicfoto.ro\/#\/schema\/logo\/image\/\",\"url\":\"https:\/\/service.nicfoto.ro\/wp-content\/uploads\/2019\/12\/cropped-Green-and-White-Towing-Truck-Vehicle-Service-Logo-6.png\",\"contentUrl\":\"https:\/\/service.nicfoto.ro\/wp-content\/uploads\/2019\/12\/cropped-Green-and-White-Towing-Truck-Vehicle-Service-Logo-6.png\",\"width\":436,\"height\":150,\"caption\":\"CCG Tractari\"},\"image\":{\"@id\":\"https:\/\/service.nicfoto.ro\/#\/schema\/logo\/image\/\"}}]}<\/script>\n<!-- \/ Yoast SEO plugin. -->","yoast_head_json":{"title":"Contact - CCG Tractari","robots":{"index":"index","follow":"follow","max-snippet":"max-snippet:-1","max-image-preview":"max-image-preview:large","max-video-preview":"max-video-preview:-1"},"canonical":"https:\/\/service.nicfoto.ro\/index.php\/contact\/","og_locale":"ro_RO","og_type":"article","og_title":"Contact - CCG Tractari","og_description":"ASISTENTA RUTIERA 24\/24 Ai nevoie de ajutor pe drum? Sun\u0103 oric\u00e2nd la 0768 159 281, serviciul nostru de asisten\u021b\u0103 rutier\u0103 fiind disponibil 24\/7, \u00een Constan\u021ba \u0219i \u00een toat\u0103 Rom\u00e2nia. Apela\u021bi-ne f\u0103r\u0103 ezitare! Dac\u0103 ai fost implicat \u00eentr-un accident sau ma\u0219ina ta s-a defectat \u0219i nu mai poate continua deplasarea, este important s\u0103 o sco\u021bi de [&hellip;]","og_url":"https:\/\/service.nicfoto.ro\/index.php\/contact\/","og_site_name":"CCG Tractari","article_modified_time":"2025-10-16T16:43:01+00:00","twitter_card":"summary_large_image","twitter_misc":{"Timp estimat pentru citire":"1 minut"},"schema":{"@context":"https:\/\/schema.org","@graph":[{"@type":"WebPage","@id":"https:\/\/service.nicfoto.ro\/index.php\/contact\/","url":"https:\/\/service.nicfoto.ro\/index.php\/contact\/","name":"Contact - CCG Tractari","isPartOf":{"@id":"https:\/\/service.nicfoto.ro\/#website"},"datePublished":"2019-12-26T07:15:56+00:00","dateModified":"2025-10-16T16:43:01+00:00","breadcrumb":{"@id":"https:\/\/service.nicfoto.ro\/index.php\/contact\/#breadcrumb"},"inLanguage":"ro-RO","potentialAction":[{"@type":"ReadAction","target":["https:\/\/service.nicfoto.ro\/index.php\/contact\/"]}]},{"@type":"BreadcrumbList","@id":"https:\/\/service.nicfoto.ro\/index.php\/contact\/#breadcrumb","itemListElement":[{"@type":"ListItem","position":1,"name":"Prima pagin\u0103","item":"https:\/\/service.nicfoto.ro\/"},{"@type":"ListItem","position":2,"name":"Contact"}]},{"@type":"WebSite","@id":"https:\/\/service.nicfoto.ro\/#website","url":"https:\/\/service.nicfoto.ro\/","name":"CCG Tractari","description":"","publisher":{"@id":"https:\/\/service.nicfoto.ro\/#organization"},"potentialAction":[{"@type":"SearchAction","target":{"@type":"EntryPoint","urlTemplate":"https:\/\/service.nicfoto.ro\/?s={search_term_string}"},"query-input":{"@type":"PropertyValueSpecification","valueRequired":true,"valueName":"search_term_string"}}],"inLanguage":"ro-RO"},{"@type":"Organization","@id":"https:\/\/service.nicfoto.ro\/#organization","name":"CCG Tractari","url":"https:\/\/service.nicfoto.ro\/","logo":{"@type":"ImageObject","inLanguage":"ro-RO","@id":"https:\/\/service.nicfoto.ro\/#\/schema\/logo\/image\/","url":"https:\/\/service.nicfoto.ro\/wp-content\/uploads\/2019\/12\/cropped-Green-and-White-Towing-Truck-Vehicle-Service-Logo-6.png","contentUrl":"https:\/\/service.nicfoto.ro\/wp-content\/uploads\/2019\/12\/cropped-Green-and-White-Towing-Truck-Vehicle-Service-Logo-6.png","width":436,"height":150,"caption":"CCG Tractari"},"image":{"@id":"https:\/\/service.nicfoto.ro\/#\/schema\/logo\/image\/"}}]}},"_links":{"self":[{"href":"https:\/\/service.nicfoto.ro\/index.php\/wp-json\/wp\/v2\/pages\/212","targetHints":{"allow":["GET"]}}],"collection":[{"href":"https:\/\/service.nicfoto.ro\/index.php\/wp-json\/wp\/v2\/pages"}],"about":[{"href":"https:\/\/service.nicfoto.ro\/index.php\/wp-json\/wp\/v2\/types\/page"}],"author":[{"embeddable":true,"href":"https:\/\/service.nicfoto.ro\/index.php\/wp-json\/wp\/v2\/users\/1"}],"replies":[{"embeddable":true,"href":"https:\/\/service.nicfoto.ro\/index.php\/wp-json\/wp\/v2\/comments?post=212"}],"version-history":[{"count":12,"href":"https:\/\/service.nicfoto.ro\/index.php\/wp-json\/wp\/v2\/pages\/212\/revisions"}],"predecessor-version":[{"id":419,"href":"https:\/\/service.nicfoto.ro\/index.php\/wp-json\/wp\/v2\/pages\/212\/revisions\/419"}],"wp:attachment":[{"href":"https:\/\/service.nicfoto.ro\/index.php\/wp-json\/wp\/v2\/media?parent=212"}],"curies":[{"name":"wp","href":"https:\/\/api.w.org\/{rel}","templated":true}]}}